{"id":2,"date":"2026-01-01T12:35:40","date_gmt":"2026-01-01T05:35:40","guid":{"rendered":"https:\/\/www.demo.vietnamweb.asia\/?page_id=2"},"modified":"2026-01-01T22:25:01","modified_gmt":"2026-01-01T15:25:01","slug":"trang-chu","status":"publish","type":"page","link":"https:\/\/2899u.net\/","title":{"rendered":"2899u com &#8211; Trang Ch\u1ee7 28bet | Th\u01b0\u1edfng H\u00e0ng Th\u00e1ng T\u1ed1i \u0110a \u0110\u1ebfn 88.888k"},"content":{"rendered":"<h2><span style=\"font-size: 110%; color: #f99b1c;\"><strong>TRANG CH\u1ee6 \u0110\u0102NG NH\u1eacP NH\u00c0 C\u00c1I 28BET<\/strong><\/span><\/h2>\n<p>Link trang t\u1ed5ng v\u00e0o 2899u com ch\u00ednh th\u1ee9c c\u1eadp nh\u1eadt ng\u00e0y h\u00f4m nay m\u1edbi nh\u1ea5t:<\/p>\n<div class=\"row row-small\"  id=\"row-1749302820\">\n\n\t<div id=\"col-1732827598\" class=\"col medium-4 small-12 large-4\"  >\n\t\t\t\t<div class=\"col-inner\"  >\n\t\t\t\n\t\t\t\n\t<div class=\"img has-hover x md-x lg-x y md-y lg-y\" id=\"image_1896362262\">\n\t\t<a class=\"\" href=\"https:\/\/linkquangcao.com\/kfqi\" >\t\t\t\t\t\t<div class=\"img-inner dark\" >\n\t\t\t<img loading=\"lazy\" decoding=\"async\" width=\"400\" height=\"188\" src=\"https:\/\/2899u.net\/wp-content\/uploads\/2025\/03\/dang-ky.webp\" class=\"attachment-original size-original\" alt=\"\u0110\u0103ng k\u00fd nh\u00e0 c\u00e1i\" srcset=\"https:\/\/2899u.net\/wp-content\/uploads\/2025\/03\/dang-ky.webp 400w, https:\/\/2899u.net\/wp-content\/uploads\/2025\/03\/dang-ky-300x141.webp 300w\" sizes=\"auto, (max-width: 400px) 100vw, 400px\" \/>\t\t\t\t\t\t\n\t\t\t\t\t<\/div>\n\t\t\t\t\t\t<\/a>\t\t\n<style>\n#image_1896362262 {\n  width: 100%;\n}\n<\/style>\n\t<\/div>\n\t\n\t\t<\/div>\n\t\t\t\t\t<\/div>\n\n\t\n\n\t<div id=\"col-621388321\" class=\"col medium-4 small-12 large-4\"  >\n\t\t\t\t<div class=\"col-inner\"  >\n\t\t\t\n\t\t\t\n\t<div class=\"img has-hover x md-x lg-x y md-y lg-y\" id=\"image_1315322167\">\n\t\t<a class=\"\" href=\"https:\/\/linkquangcao.com\/kfqi\" >\t\t\t\t\t\t<div class=\"img-inner dark\" >\n\t\t\t<img loading=\"lazy\" decoding=\"async\" width=\"400\" height=\"188\" src=\"https:\/\/2899u.net\/wp-content\/uploads\/2025\/03\/dang-nhap.webp\" class=\"attachment-original size-original\" alt=\"\u0110\u0103ng nh\u1eadp t\u1ea3i app\" srcset=\"https:\/\/2899u.net\/wp-content\/uploads\/2025\/03\/dang-nhap.webp 400w, https:\/\/2899u.net\/wp-content\/uploads\/2025\/03\/dang-nhap-300x141.webp 300w\" sizes=\"auto, (max-width: 400px) 100vw, 400px\" \/>\t\t\t\t\t\t\n\t\t\t\t\t<\/div>\n\t\t\t\t\t\t<\/a>\t\t\n<style>\n#image_1315322167 {\n  width: 100%;\n}\n<\/style>\n\t<\/div>\n\t\n\t\t<\/div>\n\t\t\t\t\t<\/div>\n\n\t\n\n\t<div id=\"col-1459293878\" class=\"col medium-4 small-12 large-4\"  >\n\t\t\t\t<div class=\"col-inner\"  >\n\t\t\t\n\t\t\t\n\t<div class=\"img has-hover x md-x lg-x y md-y lg-y\" id=\"image_1157971092\">\n\t\t<a class=\"\" href=\"https:\/\/linkquangcao.com\/kfqi\" >\t\t\t\t\t\t<div class=\"img-inner dark\" >\n\t\t\t<img loading=\"lazy\" decoding=\"async\" width=\"400\" height=\"188\" src=\"https:\/\/2899u.net\/wp-content\/uploads\/2025\/03\/khuyen-mai.webp\" class=\"attachment-original size-original\" alt=\"Khuy\u1ebfn m\u00e3i th\u00e0nh vi\u00ean\" srcset=\"https:\/\/2899u.net\/wp-content\/uploads\/2025\/03\/khuyen-mai.webp 400w, https:\/\/2899u.net\/wp-content\/uploads\/2025\/03\/khuyen-mai-300x141.webp 300w\" sizes=\"auto, (max-width: 400px) 100vw, 400px\" \/>\t\t\t\t\t\t\n\t\t\t\t\t<\/div>\n\t\t\t\t\t\t<\/a>\t\t\n<style>\n#image_1157971092 {\n  width: 100%;\n}\n<\/style>\n\t<\/div>\n\t\n\t\t<\/div>\n\t\t\t\t\t<\/div>\n\n\t\n<\/div>\n\t<div id=\"gap-32595102\" class=\"gap-element clearfix\" style=\"display:block; height:auto;\">\n\t\t\n<style>\n#gap-32595102 {\n  padding-top: 16px;\n}\n<\/style>\n\t<\/div>\n\t\n\t<div id=\"gap-832743017\" class=\"gap-element clearfix\" style=\"display:block; height:auto;\">\n\t\t\n<style>\n#gap-832743017 {\n  padding-top: 15px;\n}\n<\/style>\n\t<\/div>\n\t\n<p><strong>Disclaimer (Tuy\u00ean b\u1ed1 mi\u1ec5n tr\u1eeb):<\/strong> T\u1ea5t c\u1ea3 n\u1ed9i dung \u0111\u01b0\u1ee3c \u0111\u0103ng t\u1ea3i tr\u00ean 2899u.net ch\u1ec9 nh\u1eb1m m\u1ee5c \u0111\u00edch cung c\u1ea5p th\u00f4ng tin t\u1ed5ng h\u1ee3p, kh\u00f4ng mang t\u00ednh k\u00eau g\u1ecdi hay h\u01b0\u1edbng d\u1eabn c\u00e1 c\u01b0\u1ee3c. Ng\u01b0\u1eddi truy c\u1eadp c\u1ea7n \u0111\u1ee7 18 tu\u1ed5i v\u00e0 kh\u00f4ng thu\u1ed9c khu v\u1ef1c Vi\u1ec7t Nam. 2899u bet kh\u00f4ng ch\u1ecbu tr\u00e1ch nhi\u1ec7m v\u1ec1 h\u00e0nh vi c\u00e1 nh\u00e2n v\u00e0 m\u1ecdi r\u1ee7i ro ph\u00e1t sinh khi truy c\u1eadp c\u00e1c trang web c\u1ee7a b\u00ean th\u1ee9 ba.<\/p>\n<h2 class=\"tieu-de uppercase\"><span style=\"color: #3366ff;\"><strong>FAQ &#8211; th\u1eafc m\u1eafc ph\u1ed5 bi\u1ebfn khi ch\u01a1i tr\u00ean trang 28BET<\/strong><\/span><\/h2>\n<div class=\"accordion\"><\/div>\n\t<div id=\"accordion-4073216165\" class=\"accordion-item\">\n\t\t<a id=\"accordion-4073216165-label\" class=\"accordion-title plain\" href=\"#accordion-item-trang-ch\u1ee7-truy-c\u1eadp-2899-u.com?\" aria-expanded=\"false\" aria-controls=\"accordion-4073216165-content\" >\n\t\t\t<button class=\"toggle\" aria-label=\"Chuy\u1ec3n \u0111\u1ed5i\"><i class=\"icon-angle-down\"><\/i><\/button>\n\t\t\t<span>Trang ch\u1ee7 truy c\u1eadp 2899 u.com?<\/span>\n\t\t<\/a>\n\t\t<div id=\"accordion-4073216165-content\" class=\"accordion-inner\" aria-labelledby=\"accordion-4073216165-label\" >\n\t\t\t\n<p><span style=\"color: #3366ff;\">C\u00e1c trang truy c\u1eadp 28bet com:<\/span><\/p>\n<ul>\n<li><span style=\"color: #3366ff;\">2899u.com<\/span><\/li>\n<li><span style=\"color: #3366ff;\">2899 u.casino<\/span><\/li>\n<li><span style=\"color: #3366ff;\">288 99u.game<\/span><\/li>\n<li><span style=\"color: #3366ff;\">2899u . app<\/span><\/li>\n<li><span style=\"color: #3366ff;\">2899 u.bet<\/span><\/li>\n<\/ul>\n<p>#trangchu28bet #dangnhap28bet #dangky28bet #taiapp28bet #app28bet #28betbet #28betcasino<\/p>\n<p>#trangchu2899u #dangnhap2899u #dangky2899u #taiapp2899u #app2899u #2899ubet #2899ucasino<\/p>\n\t\t<\/div>\n\t<\/div>\n\t\n\t<div id=\"accordion-2146301215\" class=\"accordion-item\">\n\t\t<a id=\"accordion-2146301215-label\" class=\"accordion-title plain\" href=\"#accordion-item-trang-2899u-.-casino-c\u00f3-nh\u1eefng-th\u1ec3-lo\u1ea1i-game-n\u00e0o?\" aria-expanded=\"false\" aria-controls=\"accordion-2146301215-content\" >\n\t\t\t<button class=\"toggle\" aria-label=\"Chuy\u1ec3n \u0111\u1ed5i\"><i class=\"icon-angle-down\"><\/i><\/button>\n\t\t\t<span>Trang 2899u . casino c\u00f3 nh\u1eefng th\u1ec3 lo\u1ea1i game n\u00e0o?<\/span>\n\t\t<\/a>\n\t\t<div id=\"accordion-2146301215-content\" class=\"accordion-inner\" aria-labelledby=\"accordion-2146301215-label\" >\n\t\t\t\n<p><span style=\"color: #3366ff;\">Trang 28bet game t\u1ed5ng h\u1ee3p \u0111a d\u1ea1ng th\u1ec3 lo\u1ea1i casino, b\u1eafn c\u1ea3, n\u1ed5 h\u0169, x\u00f3c \u0111\u0129a, th\u1ec3 thao&#8230; d\u1ec5 d\u00e0ng tham gia c\u01b0\u1ee3c v\u1edbi giao di\u1ec7n \u0111\u01a1n gi\u1ea3n. H\u01b0\u1edbng d\u1eabn c\u01b0\u1ee3c r\u00f5 r\u00e0ng chi ti\u1ebft tr\u00e1nh nh\u1ea7m l\u1eabn cho ng\u01b0\u1eddi ch\u01a1i.<\/span><\/p>\n\t\t<\/div>\n\t<\/div>\n\t\n\t<div id=\"accordion-4282708546\" class=\"accordion-item\">\n\t\t<a id=\"accordion-4282708546-label\" class=\"accordion-title plain\" href=\"#accordion-item-mu\u1ed1n-r\u00fat-ti\u1ec1n-2899-u-com-th\u1ef1c-hi\u1ec7n-nh\u01b0-th\u1ebf-n\u00e0o?\" aria-expanded=\"false\" aria-controls=\"accordion-4282708546-content\" >\n\t\t\t<button class=\"toggle\" aria-label=\"Chuy\u1ec3n \u0111\u1ed5i\"><i class=\"icon-angle-down\"><\/i><\/button>\n\t\t\t<span>Mu\u1ed1n r\u00fat ti\u1ec1n 2899 u com th\u1ef1c hi\u1ec7n nh\u01b0 th\u1ebf n\u00e0o?<\/span>\n\t\t<\/a>\n\t\t<div id=\"accordion-4282708546-content\" class=\"accordion-inner\" aria-labelledby=\"accordion-4282708546-label\" >\n\t\t\t\n<p><span style=\"color: #3366ff;\">R\u00fat ti\u1ec1n tr\u00ean 2899u con r\u1ea5t \u0111\u01a1n gi\u1ea3n, d\u1ec5 d\u00e0ng th\u1ef1c hi\u1ec7n sau khi b\u1ea1n \u0111\u00e3 ho\u00e0n th\u00e0nh \u0111\u1ee7 v\u00f2ng c\u01b0\u1ee3c ( th\u01b0\u1eddng ch\u1ec9 1 v\u00f2ng l\u00e0 \u0111\u1ee7) l\u00ean l\u1ec7nh. Ch\u1ecdn h\u00ecnh th\u1ee9c r\u00fat, nh\u1eadp s\u1ed1 ti\u1ec1n, nh\u1eadp m\u00e3 b\u1ea3o m\u1eadt giao d\u1ecbch l\u00e0 ho\u00e0n th\u00e0nh. H\u1ec7 th\u1ed1ng ch\u1ec9 r\u00fat ti\u1ec1n v\u1ec1 t\u00e0i kho\u1ea3n ch\u00ednh ch\u1ee7 duy nh\u1ea5t c\u1ee7a ng\u01b0\u1eddi ch\u01a1i \u0111\u1ea3m b\u1ea3o an to\u00e0n tuy\u1ec7t \u0111\u1ed1i.<\/span><\/p>\n\t\t<\/div>\n\t<\/div>\n\t\n\t<div id=\"accordion-3710926394\" class=\"accordion-item\">\n\t\t<a id=\"accordion-3710926394-label\" class=\"accordion-title plain\" href=\"#accordion-item-c\u00f3-ch\u01a1i-game-tr\u00ean-app-2899-u.bet-\u0111\u01b0\u1ee3c-kh\u00f4ng?\" aria-expanded=\"false\" aria-controls=\"accordion-3710926394-content\" >\n\t\t\t<button class=\"toggle\" aria-label=\"Chuy\u1ec3n \u0111\u1ed5i\"><i class=\"icon-angle-down\"><\/i><\/button>\n\t\t\t<span>C\u00f3 ch\u01a1i game tr\u00ean app 2899 u.bet \u0111\u01b0\u1ee3c kh\u00f4ng?<\/span>\n\t\t<\/a>\n\t\t<div id=\"accordion-3710926394-content\" class=\"accordion-inner\" aria-labelledby=\"accordion-3710926394-label\" >\n\t\t\t\n<p><span style=\"color: #3366ff;\">Ho\u00e0n to\u00e0n c\u00f3 th\u1ec3 ch\u01a1i game tr\u00ean \u1ee9ng d\u1ee5ng c\u1ee7a nh\u00e0 c\u00e1i 28bet.casino. App c\u1ee7a nh\u00e0 c\u00e1i s\u1edf h\u1eefu giao di\u1ec7n hi\u1ec7n \u0111\u1ea1i gi\u00fap ng\u01b0\u1eddi ch\u01a1i d\u1ec5 d\u00e0ng tr\u1ea3i nghi\u1ec7m. H\u1ec7 th\u1ed1ng b\u1ea3o m\u1eadt hi\u1ec7n \u0111\u1ea1i an to\u00e0n v\u00e0 ti\u1ec7n l\u1ee3i cho ng\u01b0\u1eddi d\u00f9ng.<\/span><\/p>\n\t\t<\/div>\n\t<\/div>\n\t\n<p>&nbsp;<\/p>\n","protected":false},"excerpt":{"rendered":"<p>TRANG CH\u1ee6 \u0110\u0102NG NH\u1eacP NH\u00c0 C\u00c1I 28BET Link trang t\u1ed5ng v\u00e0o 2899u com ch\u00ednh th\u1ee9c c\u1eadp nh\u1eadt ng\u00e0y h\u00f4m nay m\u1edbi nh\u1ea5t: Disclaimer (Tuy\u00ean b\u1ed1 mi\u1ec5n tr\u1eeb): T\u1ea5t c\u1ea3 n\u1ed9i dung \u0111\u01b0\u1ee3c \u0111\u0103ng t\u1ea3i tr\u00ean 2899u.net ch\u1ec9 nh\u1eb1m m\u1ee5c \u0111\u00edch cung c\u1ea5p th\u00f4ng tin t\u1ed5ng h\u1ee3p, kh\u00f4ng mang t\u00ednh k\u00eau g\u1ecdi hay h\u01b0\u1edbng d\u1eabn c\u00e1&#8230;<\/p>\n","protected":false},"author":1,"featured_media":0,"parent":0,"menu_order":0,"comment_status":"closed","ping_status":"open","template":"page-right-sidebar.php","meta":{"footnotes":""},"class_list":["post-2","page","type-page","status-publish","hentry"],"_links":{"self":[{"href":"https:\/\/2899u.net\/index.php?rest_route=\/wp\/v2\/pages\/2","targetHints":{"allow":["GET"]}}],"collection":[{"href":"https:\/\/2899u.net\/index.php?rest_route=\/wp\/v2\/pages"}],"about":[{"href":"https:\/\/2899u.net\/index.php?rest_route=\/wp\/v2\/types\/page"}],"author":[{"embeddable":true,"href":"https:\/\/2899u.net\/index.php?rest_route=\/wp\/v2\/users\/1"}],"replies":[{"embeddable":true,"href":"https:\/\/2899u.net\/index.php?rest_route=%2Fwp%2Fv2%2Fcomments&post=2"}],"version-history":[{"count":54,"href":"https:\/\/2899u.net\/index.php?rest_route=\/wp\/v2\/pages\/2\/revisions"}],"predecessor-version":[{"id":633,"href":"https:\/\/2899u.net\/index.php?rest_route=\/wp\/v2\/pages\/2\/revisions\/633"}],"wp:attachment":[{"href":"https:\/\/2899u.net\/index.php?rest_route=%2Fwp%2Fv2%2Fmedia&parent=2"}],"curies":[{"name":"wp","href":"https:\/\/api.w.org\/{rel}","templated":true}]}}